{"id":1985,"date":"2021-09-08T17:23:09","date_gmt":"2021-09-08T15:23:09","guid":{"rendered":"https:\/\/lechouettepotager.org\/?page_id=1985"},"modified":"2026-04-13T15:11:18","modified_gmt":"2026-04-13T13:11:18","slug":"pour-nous-joindre","status":"publish","type":"page","link":"https:\/\/lechouettepotager.org\/index.php\/pour-nous-joindre\/","title":{"rendered":"Tout sur&nbsp;nous"},"content":{"rendered":"\n<h2>Formalit\u00e9s d\u2019adh\u00e9sion<\/h2>\n\n\n\n<p style=\"text-align:justify;\"><\/p><p style=\"color:#000000;\">Les adh\u00e9rents, pour devenir ou rester mem\u00adbre, doivent s\u2019ac\u00adquit\u00adter d\u2019une coti\u00adsa\u00adtion annuelle inclu\u00adant, selon un mon\u00adtant et des modal\u00adit\u00e9s d\u00e9fi\u00adnis par le Conseil d\u2019Administration&nbsp;:<\/p>\n\n\n\n<ul style=\"color:#000000;\">\n<li>La pre\u00admi\u00e8re&nbsp;ann\u00e9e&nbsp;:<ul><li>un d\u00e9p\u00f4t de garantie, encais\u00ads\u00e9 et rem\u00adbours\u00e9 au d\u00e9part de l\u2019adh\u00e9rent,<\/li><li>des frais de dossier, non remboursables,<\/li><\/ul><\/li><li>Chaque ann\u00e9e&nbsp;:<ul><li>l\u2019ad\u00adh\u00e9\u00adsion annuelle, qui inclut l\u2019abon\u00adnement au mag\u00ada\u00adzine \u2018Jardin famil\u00adial de France\u2019.&nbsp;<\/li><\/ul><\/li><\/ul>\n\n\n\n<div class=\"wp-block-image\"><figure class=\"aligncenter\"><img decoding=\"async\" src=\"https:\/\/lechouettepotager.org\/wp-content\/uploads\/2019\/09\/jff_514.jpg\" alt class=\"wp-image-209\">&nbsp;&nbsp;<img decoding=\"async\" loading=\"lazy\" width=\"161\" height=\"226\" src=\"https:\/\/lechouettepotager.org\/wp-content\/uploads\/2019\/09\/jff_513.jpg\" alt class=\"wp-image-201\">&nbsp;&nbsp;<img decoding=\"async\" src=\"https:\/\/lechouettepotager.org\/wp-content\/uploads\/2019\/09\/jff_512.jpg\" alt class=\"wp-image-208\">&nbsp;&nbsp;<img decoding=\"async\" src=\"https:\/\/lechouettepotager.org\/wp-content\/uploads\/2019\/09\/jff_511.jpg\" alt class=\"wp-image-207\"><figcaption><strong><em>Tous les num\u00e9ros man\u00adquants sont \u00e0 deman\u00adder via le for\u00admu\u00adlaire <\/em><\/strong><a href=\"http:\/\/www.jardins-familiaux.asso.fr\/formulaires.html\"><strong><em>ici<\/em><\/strong><\/a><\/figcaption><\/figure><\/div>\n\n\n\n<h2 class=\"wp-block-heading\">Le R\u00e8glement Int\u00e9rieur<\/h2>\n\n\n\n<p><span style=\"color: #000000;\">Lire le <a href=\"https:\/\/lechouettepotager.org\/index.php\/2022\/10\/09\/reglement-interieur\/\">R\u00e8glement Int\u00e9rieur<\/a><\/span><\/p>\n\n\n\n<h2>R\u00e9seaux Sociaux<\/h2>\n\n\n\n<p><span style=\"color: #000000;\">Rejoignez nous aus\u00adsi sur le r\u00e9seau<\/span> <a href=\"https:\/\/www.instagram.com\/jardinsdelachouette?utm_source=qr&amp;igsh=aTNwcnh1eWtydW1p\" target=\"_blank\" rel=\"noopener\">Instragram<\/a><\/p>\n\n\n\n<h2 class=\"wp-block-heading\" id=\"pour-nous-joindre\">Pour nous joindre<\/h2>\n\n\n\n<ul style=\"color:#000000;\"><li>Par cour\u00adriel \u00e0 <a href=\"mailto:contact@lechouettepotager.org\">contact@\u200blechouettepotager.\u200borg<\/a><\/li><li>Par t\u00e9l\u00e9\u00adphone le mer\u00adcre\u00addi exclu\u00adsive\u00adment au 03.80.41.52.65<\/li><li>Par voie postale&nbsp;: Le Chouette Potager \u2014 Maison des Associations Boite AA10 2 rue des Corroyeurs 21000&nbsp;Dijon<\/li><li>Pour toute demande \u00e0 finalis\u00ader, se pr\u00e9sen\u00adter oblig\u00ada\u00adtoire\u00adment au bureau 524 (5\u00e8me \u00e9tage) de la Maison des Associations 2 rue des Corroyeurs \u00e0 Dijon, muni d\u2019une pi\u00e8ce d\u2019i\u00adden\u00adtit\u00e9 et d\u2019un jus\u00adti\u00adfi\u00adcatif de domi\u00adcile de moins de 3&nbsp;mois.<\/li><\/ul>\n\n\n\n<hr class=\"wp-block-separator has-css-opacity\">\n\n\n\n<p class=\"has-text-align-center has-vivid-green-cyan-color has-text-color\" style=\"font-size:24px\"><strong>Permanences<\/strong><\/p>\n\n\n\n<p class=\"has-text-align-center has-vivid-green-cyan-color has-text-color\" style=\"font-size:24px\"><strong>en journ\u00e9e con\u00adtin\u00adue de 9h \u00e0 18h<\/strong> <strong>tous les mercredis&nbsp;<\/strong><\/p>\n\n\n\n<div class=\"wp-block-group\"><div class=\"wp-block-group__inner-container is-layout-flow wp-block-group-is-layout-flow\">\n<div class=\"wp-block-group\"><div class=\"wp-block-group__inner-container is-layout-flow wp-block-group-is-layout-flow\">\n<div class=\"wp-block-group\"><div class=\"wp-block-group__inner-container is-layout-flow wp-block-group-is-layout-flow\">\n<div class=\"wp-block-group\"><div class=\"wp-block-group__inner-container is-layout-flow wp-block-group-is-layout-flow\">\n<div class=\"wp-block-columns is-layout-flex wp-container-core-columns-is-layout-1 wp-block-columns-is-layout-flex\">\n<div class=\"wp-block-column is-layout-flow wp-block-column-is-layout-flow\" style=\"flex-basis:100%\"><\/div>\n<\/div>\n<\/div><\/div>\n<\/div><\/div>\n<\/div><\/div>\n<\/div><\/div>\n\n\n\n<hr class=\"wp-block-separator has-css-opacity\">\n\n\n\n<p class=\"has-text-align-center\"><a href=\"https:\/\/lechouettepotager.org\/index.php\/mentions-legales\/\">Mentions l\u00e9gales<\/a><\/p>\n","protected":false},"excerpt":{"rendered":"<p>Formalit\u00e9s d\u2019adh\u00e9sion Les adh\u00e9rents, pour devenir ou rester mem\u00adbre, doivent s\u2019ac\u00adquit\u00adter d\u2019une coti\u00adsa\u00adtion annuelle inclu\u00adant, selon un mon\u00adtant et des modal\u00adit\u00e9s d\u00e9fi\u00adnis par le Conseil d\u2019Administration&nbsp;: La pre\u00admi\u00e8re&nbsp;ann\u00e9e&nbsp;:un d\u00e9p\u00f4t de garantie, encais\u00ads\u00e9 et rem\u00adbours\u00e9 au d\u00e9part de l\u2019adh\u00e9rent,des frais de dossier, non remboursables,Chaque ann\u00e9e&nbsp;:l\u2019ad\u00adh\u00e9\u00adsion annuelle, qui inclut l\u2019abon\u00adnement au mag\u00ada\u00adzine \u2018Jardin famil\u00adial de France\u2019.&nbsp; &nbsp;&nbsp;&nbsp;&nbsp;&nbsp;&nbsp;Tous\u2026 <br> <a class=\"read-more\" href=\"https:\/\/lechouettepotager.org\/index.php\/pour-nous-joindre\/\">Lire la&nbsp;suite<\/a><\/p>\n","protected":false},"author":1,"featured_media":233,"parent":0,"menu_order":0,"comment_status":"closed","ping_status":"closed","template":"","meta":{"_coblocks_attr":"Times New Roman","_coblocks_dimensions":"","_coblocks_responsive_height":"","_coblocks_accordion_ie_support":"","_uag_custom_page_level_css":"","wp_typography_post_enhancements_disabled":false,"ngg_post_thumbnail":0,"footnotes":""},"featured_image_src":"https:\/\/lechouettepotager.org\/wp-content\/uploads\/2019\/09\/sites-jardins-2019-0509.jpg","featured_image_src_square":"https:\/\/lechouettepotager.org\/wp-content\/uploads\/2019\/09\/sites-jardins-2019-0509.jpg","uagb_featured_image_src":{"full":["https:\/\/lechouettepotager.org\/wp-content\/uploads\/2019\/09\/sites-jardins-2019-0509.jpg",5089,2261,false],"thumbnail":["https:\/\/lechouettepotager.org\/wp-content\/uploads\/2019\/09\/sites-jardins-2019-0509-150x150.jpg",150,150,true],"medium":["https:\/\/lechouettepotager.org\/wp-content\/uploads\/2019\/09\/sites-jardins-2019-0509-300x133.jpg",300,133,true],"medium_large":["https:\/\/lechouettepotager.org\/wp-content\/uploads\/2019\/09\/sites-jardins-2019-0509-768x341.jpg",768,341,true],"large":["https:\/\/lechouettepotager.org\/wp-content\/uploads\/2019\/09\/sites-jardins-2019-0509-1024x455.jpg",1024,455,true],"1536x1536":["https:\/\/lechouettepotager.org\/wp-content\/uploads\/2019\/09\/sites-jardins-2019-0509.jpg",1536,682,false],"2048x2048":["https:\/\/lechouettepotager.org\/wp-content\/uploads\/2019\/09\/sites-jardins-2019-0509.jpg",2048,910,false],"ab-block-post-grid-landscape":["https:\/\/lechouettepotager.org\/wp-content\/uploads\/2019\/09\/sites-jardins-2019-0509.jpg",600,267,false],"ab-block-post-grid-square":["https:\/\/lechouettepotager.org\/wp-content\/uploads\/2019\/09\/sites-jardins-2019-0509.jpg",600,267,false],"post-thumbnail":["https:\/\/lechouettepotager.org\/wp-content\/uploads\/2019\/09\/sites-jardins-2019-0509-1024x455.jpg",1024,455,true],"mesmerize-full-hd":["https:\/\/lechouettepotager.org\/wp-content\/uploads\/2019\/09\/sites-jardins-2019-0509-1920x853.jpg",1920,853,true]},"uagb_author_info":{"display_name":"Webmaster","author_link":"https:\/\/lechouettepotager.org\/index.php\/author\/admin7426\/"},"uagb_comment_info":0,"uagb_excerpt":"Formalit\u00e9s d\u2019adh\u00e9sion Les adh\u00e9rents, pour devenir ou rester mem\u00adbre, doivent s\u2019ac\u00adquit\u00adter d\u2019une coti\u00adsa\u00adtion annuelle inclu\u00adant, selon un mon\u00adtant et des modal\u00adit\u00e9s d\u00e9fi\u00adnis par le Conseil d\u2019Administration&nbsp;: La pre\u00admi\u00e8re&nbsp;ann\u00e9e&nbsp;:un d\u00e9p\u00f4t de garantie, encais\u00ads\u00e9 et rem\u00adbours\u00e9 au d\u00e9part de l\u2019adh\u00e9rent,des frais de dossier, non remboursables,Chaque ann\u00e9e&nbsp;:l\u2019ad\u00adh\u00e9\u00adsion annuelle, qui inclut l\u2019abon\u00adnement au mag\u00ada\u00adzine \u2018Jardin famil\u00adial de France\u2019.&nbsp; &nbsp;&nbsp;&nbsp;&nbsp;&nbsp;&nbsp;Tous&hellip;\u2026","_links":{"self":[{"href":"https:\/\/lechouettepotager.org\/index.php\/wp-json\/wp\/v2\/pages\/1985"}],"collection":[{"href":"https:\/\/lechouettepotager.org\/index.php\/wp-json\/wp\/v2\/pages"}],"about":[{"href":"https:\/\/lechouettepotager.org\/index.php\/wp-json\/wp\/v2\/types\/page"}],"author":[{"embeddable":true,"href":"https:\/\/lechouettepotager.org\/index.php\/wp-json\/wp\/v2\/users\/1"}],"replies":[{"embeddable":true,"href":"https:\/\/lechouettepotager.org\/index.php\/wp-json\/wp\/v2\/comments?post=1985"}],"version-history":[{"count":29,"href":"https:\/\/lechouettepotager.org\/index.php\/wp-json\/wp\/v2\/pages\/1985\/revisions"}],"predecessor-version":[{"id":4440,"href":"https:\/\/lechouettepotager.org\/index.php\/wp-json\/wp\/v2\/pages\/1985\/revisions\/4440"}],"wp:featuredmedia":[{"embeddable":true,"href":"https:\/\/lechouettepotager.org\/index.php\/wp-json\/wp\/v2\/media\/233"}],"wp:attachment":[{"href":"https:\/\/lechouettepotager.org\/index.php\/wp-json\/wp\/v2\/media?parent=1985"}],"curies":[{"name":"wp","href":"https:\/\/api.w.org\/{rel}","templated":true}]}}