{"id":80,"date":"2019-08-15T21:24:51","date_gmt":"2019-08-15T19:24:51","guid":{"rendered":"https:\/\/lechouettepotager.org\/?page_id=80"},"modified":"2023-03-23T11:12:09","modified_gmt":"2023-03-23T10:12:09","slug":"80-2","status":"publish","type":"page","link":"https:\/\/lechouettepotager.org\/index.php\/80-2\/","title":{"rendered":"Un peu d\u2019histoire"},"content":{"rendered":"\n<blockquote style=\"text-align:justify\" class=\"wp-block-quote is-style-default\"><p style=\"color:#000000;\">La majorit\u00e9 des jardins de notre asso\u00adci\u00ada\u00adtion ont \u00e9t\u00e9 cr\u00e9\u00e9s dans les ann\u00e9es 1970\/\u200b1980. En 1971,  Robert Poujade, pre\u00admier Ministre de l\u2019Environnement, a la volon\u00adt\u00e9 de cr\u00e9er et de struc\u00adtur\u00ader des jardins famil\u00adi\u00adaux. D\u00e8s 1977, la ville de Dijon est plac\u00e9e pre\u00admi\u00e8re ville \u00e9cologique de France avec, \u00e0 son act\u00adif, 18 sites r\u00e9par\u00adtis sur Dijon et villes attenantes (Chen\u00f4ve, Saint-\u200bApollinaire, Ruffey, etc&nbsp;\u2026).<\/p><p style=\"color:#000000;\">L\u2019ensemble de ces sites, dont cer\u00adtains appar\u00adti\u00aden\u00adnent \u00e0 la F\u00e9d\u00e9ration Nationale \u00e0 laque\u00adlle nous sommes affil\u00adi\u00e9s, \u00e9taient g\u00e9r\u00e9s en \u201ccomit\u00e9s locaux\u201d. Pour des raisons de sim\u00adpli\u00adfi\u00adca\u00adtions de ges\u00adtion, les com\u00admunes de Chen\u00f4ve, Saint-\u200bApollinaire et Dijon ont cr\u00e9\u00e9 cha\u00adcune leur pro\u00adpre asso\u00adci\u00ada\u00adtion loi 1901. Fin 2013, avec une op\u00e9ra\u00adtion final\u00adis\u00e9e en sep\u00adtem\u00adbre 2014, l\u2019as\u00adso\u00adci\u00ada\u00adtion Les Jardins Familiaux devient \u201cLES JARDINS ET VERGERS DE LA CHOUETTE\u201d avec 523 par\u00adcelles r\u00e9par\u00adties sur 14 sites exclu\u00adsive\u00adment sur la com\u00admune de Dijon. \nEn F\u00e9vrier 2023, un change\u00adment d\u2019ap\u00adpel\u00adla\u00adtion valid\u00e9 en Assembl\u00e9e G\u00e9n\u00e9rale Extraordinaire inter\u00advient et l\u2019Association devient \u201cLE CHOUETTE POTAGER\u201d.<\/p><\/blockquote>\n","protected":false},"excerpt":{"rendered":"<p>La majorit\u00e9 des jardins de notre asso\u00adci\u00ada\u00adtion ont \u00e9t\u00e9 cr\u00e9\u00e9s dans les ann\u00e9es 1970\/\u200b\u200b1980. En 1971, Robert Poujade, pre\u00admier Ministre de l\u2019Environnement, a la volon\u00adt\u00e9 de cr\u00e9er et de struc\u00adtur\u00ader des jardins famil\u00adi\u00adaux. D\u00e8s 1977, la ville de Dijon est plac\u00e9e pre\u00admi\u00e8re ville \u00e9cologique de France avec, \u00e0 son act\u00adif, 18 sites r\u00e9par\u00adtis sur Dijon\u2026 <br> <a class=\"read-more\" href=\"https:\/\/lechouettepotager.org\/index.php\/80-2\/\">Lire la&nbsp;suite<\/a><\/p>\n","protected":false},"author":1,"featured_media":233,"parent":0,"menu_order":0,"comment_status":"closed","ping_status":"closed","template":"","meta":{"_coblocks_attr":"","_coblocks_dimensions":"","_coblocks_responsive_height":"","_coblocks_accordion_ie_support":"","_uag_custom_page_level_css":"","wp_typography_post_enhancements_disabled":false,"ngg_post_thumbnail":0,"footnotes":""},"featured_image_src":"https:\/\/lechouettepotager.org\/wp-content\/uploads\/2019\/09\/sites-jardins-2019-0509.jpg","featured_image_src_square":"https:\/\/lechouettepotager.org\/wp-content\/uploads\/2019\/09\/sites-jardins-2019-0509.jpg","uagb_featured_image_src":{"full":["https:\/\/lechouettepotager.org\/wp-content\/uploads\/2019\/09\/sites-jardins-2019-0509.jpg",5089,2261,false],"thumbnail":["https:\/\/lechouettepotager.org\/wp-content\/uploads\/2019\/09\/sites-jardins-2019-0509-150x150.jpg",150,150,true],"medium":["https:\/\/lechouettepotager.org\/wp-content\/uploads\/2019\/09\/sites-jardins-2019-0509-300x133.jpg",300,133,true],"medium_large":["https:\/\/lechouettepotager.org\/wp-content\/uploads\/2019\/09\/sites-jardins-2019-0509-768x341.jpg",768,341,true],"large":["https:\/\/lechouettepotager.org\/wp-content\/uploads\/2019\/09\/sites-jardins-2019-0509-1024x455.jpg",1024,455,true],"1536x1536":["https:\/\/lechouettepotager.org\/wp-content\/uploads\/2019\/09\/sites-jardins-2019-0509.jpg",1536,682,false],"2048x2048":["https:\/\/lechouettepotager.org\/wp-content\/uploads\/2019\/09\/sites-jardins-2019-0509.jpg",2048,910,false],"ab-block-post-grid-landscape":["https:\/\/lechouettepotager.org\/wp-content\/uploads\/2019\/09\/sites-jardins-2019-0509.jpg",600,267,false],"ab-block-post-grid-square":["https:\/\/lechouettepotager.org\/wp-content\/uploads\/2019\/09\/sites-jardins-2019-0509.jpg",600,267,false],"post-thumbnail":["https:\/\/lechouettepotager.org\/wp-content\/uploads\/2019\/09\/sites-jardins-2019-0509-1024x455.jpg",1024,455,true],"mesmerize-full-hd":["https:\/\/lechouettepotager.org\/wp-content\/uploads\/2019\/09\/sites-jardins-2019-0509-1920x853.jpg",1920,853,true]},"uagb_author_info":{"display_name":"Webmaster","author_link":"https:\/\/lechouettepotager.org\/index.php\/author\/admin7426\/"},"uagb_comment_info":0,"uagb_excerpt":"La majorit\u00e9 des jardins de notre asso\u00adci\u00ada\u00adtion ont \u00e9t\u00e9 cr\u00e9\u00e9s dans les ann\u00e9es 1970\/\u200b1980. En 1971, Robert Poujade, pre\u00admier Ministre de l\u2019Environnement, a la volon\u00adt\u00e9 de cr\u00e9er et de struc\u00adtur\u00ader des jardins famil\u00adi\u00adaux. D\u00e8s 1977, la ville de Dijon est plac\u00e9e pre\u00admi\u00e8re ville \u00e9cologique de France avec, \u00e0 son act\u00adif, 18 sites r\u00e9par\u00adtis sur Dijon&hellip;\u2026","_links":{"self":[{"href":"https:\/\/lechouettepotager.org\/index.php\/wp-json\/wp\/v2\/pages\/80"}],"collection":[{"href":"https:\/\/lechouettepotager.org\/index.php\/wp-json\/wp\/v2\/pages"}],"about":[{"href":"https:\/\/lechouettepotager.org\/index.php\/wp-json\/wp\/v2\/types\/page"}],"author":[{"embeddable":true,"href":"https:\/\/lechouettepotager.org\/index.php\/wp-json\/wp\/v2\/users\/1"}],"replies":[{"embeddable":true,"href":"https:\/\/lechouettepotager.org\/index.php\/wp-json\/wp\/v2\/comments?post=80"}],"version-history":[{"count":16,"href":"https:\/\/lechouettepotager.org\/index.php\/wp-json\/wp\/v2\/pages\/80\/revisions"}],"predecessor-version":[{"id":3701,"href":"https:\/\/lechouettepotager.org\/index.php\/wp-json\/wp\/v2\/pages\/80\/revisions\/3701"}],"wp:featuredmedia":[{"embeddable":true,"href":"https:\/\/lechouettepotager.org\/index.php\/wp-json\/wp\/v2\/media\/233"}],"wp:attachment":[{"href":"https:\/\/lechouettepotager.org\/index.php\/wp-json\/wp\/v2\/media?parent=80"}],"curies":[{"name":"wp","href":"https:\/\/api.w.org\/{rel}","templated":true}]}}